
{"id":294,"date":"2025-07-23T13:13:27","date_gmt":"2025-07-23T11:13:27","guid":{"rendered":"https:\/\/nanteas.com\/?page_id=294"},"modified":"2026-03-17T13:42:52","modified_gmt":"2026-03-17T12:42:52","slug":"nan-geschichte","status":"publish","type":"page","link":"https:\/\/nanteas.com\/de\/nan-geschichte\/","title":{"rendered":"NaN-Geschichte"},"content":{"rendered":"<div class=\"wp-block-uagb-container hero-500 uagb-layout-flex uagb-block-3a17fdf8 alignfull uagb-is-root-container\"><\/div>\n\n\n\n<div class=\"wp-block-uagb-container uagb-block-fa3cc102 alignfull uagb-is-root-container\"><div class=\"uagb-container-inner-blocks-wrap\"><h1 style=\"border-style:none;border-width:0px;\" class=\"has-text-align-center has-link-color wp-elements-676a65987a89ffb2a0c47a5b4c92768c wp-block-post-title has-text-color has-heading-color\">NaN-Geschichte<\/h1>\n\n\n<h2 class=\"wp-block-heading\" style=\"font-size:27px\">Wie alles anfing&nbsp;<\/h2>\n\n\n\n<p>NaN Teas begann Ende 2024 in Rotterdam mit einem einfachen Wunsch: Ich wollte mit etwas Echtem arbeiten, etwas, das von zu Hause kommt und die Menschen zum L\u00e4cheln bringen k\u00f6nnte.&nbsp;<\/p>\n\n\n\n<p>Dieses \"Etwas\" entpuppte sich als <strong>Taiwanesischer Tee<\/strong>. Eine M\u00f6glichkeit, Freude und Verbindung durch etwas Reales zu schaffen. Denn <strong>jeder hat eine gute Tasse Tee verdient<\/strong>.<\/p>\n\n\n\n<p>Der Name \"NaN\" hat eine tiefe pers\u00f6nliche Bedeutung. Es ist sowohl der zweite Vorname meiner Mutter als auch der meiner Tochter, eine stille Hommage an die Liebe und St\u00e4rke \u00fcber Generationen hinweg.<\/p>\n\n\n\n<p class=\"translation-block\">\"NaN\" steht auch f\u00fcr \"<strong>Nicht eine Zahl<\/strong>\" in der Informatik, ein Symbol f\u00fcr das Unbestimmte. F\u00fcr uns erinnert es jeden daran, dass alles seinen eigenen Wert und Rhythmus hat. Wir sind alle einzigartig, und wir wollen, dass unsere Tees das feiern. Es ist auch eine Aufforderung, das Leben in seinem eigenen Tempo zu genie\u00dfen.<\/p>\n\n\n\n<p>Auf Chinesisch bedeutet \"NaN\" \"S\u00fcden\" <strong>\u5357<\/strong>und spiegelt die W\u00e4rme und entspannte Atmosph\u00e4re wider, die wir mit unseren Tees weitergeben m\u00f6chten.&nbsp;<br><br><\/p>\n\n\n\n<h2 class=\"wp-block-heading\" style=\"font-size:27px\">Unser Wert und unsere Philosophie&nbsp;<\/h2>\n\n\n\n<p>Bei NaN sind wir \u00fcberzeugt, dass hochwertiger Tee f\u00fcr alle zug\u00e4nglich sein sollte \u2013 und dass man kein Experte sein muss, um einen Tee zu finden, der dem eigenen Geschmack entspricht. Deshalb ist unser Ansatz ganz einfach: <strong>klare Auswahl, keine Verwirrung, nur Tee, dem Sie vertrauen und genie\u00dfen k\u00f6nnen<\/strong>.<\/p>\n\n\n\n<p>Wir glauben auch daran, die Dinge auf die richtige Weise zu tun.\nWir beziehen unsere Tees direkt von Bauern in Taiwan und bieten authentische, hochwertige Tees \u2013 fair im Preis und mit Sorgfalt ausgew\u00e4hlt. Dabei achten wir auf respektvolle Partnerschaften mit unseren Produzenten und handeln umweltbewusst. Ein Gro\u00dfteil unserer Verpackungen ist recycelbar oder kompostierbar \u2013 ein Ausdruck unseres Engagements f\u00fcr Nachhaltigkeit und Verantwortung. <strong>Engagement f\u00fcr Nachhaltigkeit<\/strong>.<\/p>\n\n\n\n<p class=\"translation-block\">So haben wir angefangen. Und das ist es, was wir mit jeder Tasse zu teilen hoffen: <strong>Authentizit\u00e4t, W\u00e4rme und eine kleine Pause in deinem Tag.<\/strong><br><br><\/p>\n<\/div><\/div>","protected":false},"excerpt":{"rendered":"<p>How we started&nbsp; NaN Teas began in late 2024 in Rotterdam, with a simple wish: I wanted to work with something genuine that something from home that might make people smile.&nbsp; That \u201csomething\u201d turned out to be Taiwanese tea. A way to bring joy and connection through something real. Because everyone deserves a good cup [&hellip;]<\/p>\n","protected":false},"author":1,"featured_media":0,"parent":0,"menu_order":2,"comment_status":"closed","ping_status":"closed","template":"","meta":{"_acf_changed":false,"_seopress_robots_primary_cat":"","_seopress_titles_title":"NaNTeas Story | Sourcing Authentic Taiwanese Teas","_seopress_titles_desc":"Learn about NaNTeas - our story, heritage, and sourcing practices. Discover how we bring authentic Taiwanese teas to your cup with care and passion.","_seopress_robots_index":"","_uag_custom_page_level_css":"","_swt_meta_header_display":false,"_swt_meta_footer_display":false,"_swt_meta_site_title_display":false,"_swt_meta_sticky_header":false,"_swt_meta_transparent_header":false,"footnotes":""},"class_list":["post-294","page","type-page","status-publish","hentry"],"acf":[],"uagb_featured_image_src":{"full":false,"thumbnail":false,"medium":false,"medium_large":false,"large":false,"1536x1536":false,"2048x2048":false,"trp-custom-language-flag":false,"woocommerce_thumbnail":false,"woocommerce_single":false,"woocommerce_gallery_thumbnail":false},"uagb_author_info":{"display_name":"Jessie","author_link":"https:\/\/nanteas.com\/de\/author\/jessie\/"},"uagb_comment_info":0,"uagb_excerpt":"How we started&nbsp; NaN Teas began in late 2024 in Rotterdam, with a simple wish: I wanted to work with something genuine that something from home that might make people smile.&nbsp; That \u201csomething\u201d turned out to be Taiwanese tea. A way to bring joy and connection through something real. Because everyone deserves a good cup&hellip;","_links":{"self":[{"href":"https:\/\/nanteas.com\/de\/wp-json\/wp\/v2\/pages\/294","targetHints":{"allow":["GET"]}}],"collection":[{"href":"https:\/\/nanteas.com\/de\/wp-json\/wp\/v2\/pages"}],"about":[{"href":"https:\/\/nanteas.com\/de\/wp-json\/wp\/v2\/types\/page"}],"author":[{"embeddable":true,"href":"https:\/\/nanteas.com\/de\/wp-json\/wp\/v2\/users\/1"}],"replies":[{"embeddable":true,"href":"https:\/\/nanteas.com\/de\/wp-json\/wp\/v2\/comments?post=294"}],"version-history":[{"count":4,"href":"https:\/\/nanteas.com\/de\/wp-json\/wp\/v2\/pages\/294\/revisions"}],"predecessor-version":[{"id":3997,"href":"https:\/\/nanteas.com\/de\/wp-json\/wp\/v2\/pages\/294\/revisions\/3997"}],"wp:attachment":[{"href":"https:\/\/nanteas.com\/de\/wp-json\/wp\/v2\/media?parent=294"}],"curies":[{"name":"wp","href":"https:\/\/api.w.org\/{rel}","templated":true}]}}