{"id":984,"date":"2025-07-24T15:26:29","date_gmt":"2025-07-24T13:26:29","guid":{"rendered":"https:\/\/nanteas.com\/?page_id=984"},"modified":"2025-09-16T21:23:56","modified_gmt":"2025-09-16T19:23:56","slug":"faq","status":"publish","type":"page","link":"https:\/\/nanteas.com\/de\/faq\/","title":{"rendered":"FAQ"},"content":{"rendered":"<div class=\"wp-block-uagb-container uagb-block-81484353 alignfull uagb-is-root-container\"><div class=\"uagb-container-inner-blocks-wrap\">\n<h1 class=\"wp-block-heading\" style=\"font-size:40px\">FAQ<\/h1>\n\n\n\n<div data-block-name=\"woocommerce\/accordion-group\" data-metadata=\"{&quot;isDescendantOfProductDetails&quot;:true}\" data-wp-context=\"{&quot;autoclose&quot;:false,&quot;isOpen&quot;:[]}\" data-wp-interactive=\"woocommerce\/accordion\" class=\"wp-block-woocommerce-accordion-group is-layout-flow wp-block-woocommerce-accordion-group-is-layout-flow\">\n<div data-block-name=\"woocommerce\/accordion-item\" data-metadata=\"{&quot;name&quot;:&quot;Green Tea&quot;}\" data-wp-class--is-open=\"state.isOpen\" data-wp-context=\"{&quot;id&quot;:&quot;woocommerce-accordion-item-1&quot;,&quot;openByDefault&quot;:false}\" data-wp-init=\"callbacks.initIsOpen\" class=\"wp-block-woocommerce-accordion-item is-layout-flow wp-block-woocommerce-accordion-item-is-layout-flow\">\n<h4 data-block-name=\"woocommerce\/accordion-header\" data-level=\"4\" data-style=\"{&quot;typography&quot;:{&quot;fontSize&quot;:&quot;27px&quot;}}\" class=\"wp-block-woocommerce-accordion-header accordion-item__heading has-custom-font-size is-layout-flow wp-block-woocommerce-accordion-header-is-layout-flow\"><button aria-expanded=\"false\" aria-controls=\"woocommerce-accordion-item-1-panel\" data-wp-bind--aria-expanded=\"state.isOpen\" data-wp-on--click=\"actions.toggle\" id=\"woocommerce-accordion-item-1\" class=\"accordion-item__toggle\"><span>Marke<\/span><span class=\"accordion-item__toggle-icon has-icon-plus\" style=\"width:1.2em;height:1.2em\"><svg width=\"1.2em\" height=\"1.2em\" viewbox=\"0 0 24 24\" fill=\"none\" xmlns=\"http:\/\/www.w3.org\/2000\/svg\" aria-hidden=\"true\"><path d=\"M11 12.5V17.5H12.5V12.5H17.5V11H12.5V6H11V11H6V12.5H11Z\" fill=\"currentColor\"><\/path><\/svg><\/span><\/button><\/h4>\n\n\n\n<div inert aria-labelledby=\"woocommerce-accordion-item-1\" data-wp-bind--inert=\"!state.isOpen\" id=\"woocommerce-accordion-item-1-panel\" role=\"region\" data-block-name=\"woocommerce\/accordion-panel\" class=\"wp-block-woocommerce-accordion-panel\"><div class=\"accordion-content__wrapper is-layout-flow wp-block-woocommerce-accordion-panel-is-layout-flow\">\n<p><strong>Q:<\/strong> Wann hat NaN Teas begonnen?<br><strong>A:<\/strong> November 2024&nbsp;<br><br><strong>Q:<\/strong> Was bedeutet 0\/0?<br><strong>A:<\/strong> Im Rechnen und in der Mathematik steht 0\/0 f\u00fcr die Division von Null durch Null, was als undefiniert gilt.<br><br><strong>Q:<\/strong> Wie w\u00fcrden Sie NaN Teas beschreiben?<br><strong>A:<\/strong> Unverf\u00e4lscht, warm und urban - voller Charakter und bereit, Ihre Sinne zu \u00fcberraschen.<\/p>\n\n\n\n<p><\/p>\n<\/div><\/div>\n<\/div>\n\n\n\n<div data-block-name=\"woocommerce\/accordion-item\" data-metadata=\"{&quot;name&quot;:&quot;Light Oolong&quot;}\" data-wp-class--is-open=\"state.isOpen\" data-wp-context=\"{&quot;id&quot;:&quot;woocommerce-accordion-item-2&quot;,&quot;openByDefault&quot;:false}\" data-wp-init=\"callbacks.initIsOpen\" class=\"wp-block-woocommerce-accordion-item is-layout-flow wp-block-woocommerce-accordion-item-is-layout-flow\">\n<h4 data-block-name=\"woocommerce\/accordion-header\" data-level=\"4\" class=\"wp-block-woocommerce-accordion-header accordion-item__heading is-layout-flow wp-block-woocommerce-accordion-header-is-layout-flow\"><button aria-expanded=\"false\" aria-controls=\"woocommerce-accordion-item-2-panel\" data-wp-bind--aria-expanded=\"state.isOpen\" data-wp-on--click=\"actions.toggle\" id=\"woocommerce-accordion-item-2\" class=\"accordion-item__toggle\"><span>Produkt<\/span><span class=\"accordion-item__toggle-icon has-icon-plus\" style=\"width:1.2em;height:1.2em\"><svg width=\"1.2em\" height=\"1.2em\" viewbox=\"0 0 24 24\" fill=\"none\" xmlns=\"http:\/\/www.w3.org\/2000\/svg\" aria-hidden=\"true\"><path d=\"M11 12.5V17.5H12.5V12.5H17.5V11H12.5V6H11V11H6V12.5H11Z\" fill=\"currentColor\"><\/path><\/svg><\/span><\/button><\/h4>\n\n\n\n<div inert aria-labelledby=\"woocommerce-accordion-item-2\" data-wp-bind--inert=\"!state.isOpen\" id=\"woocommerce-accordion-item-2-panel\" role=\"region\" data-block-name=\"woocommerce\/accordion-panel\" class=\"wp-block-woocommerce-accordion-panel\"><div class=\"accordion-content__wrapper is-layout-flow wp-block-woocommerce-accordion-panel-is-layout-flow\">\n<p><strong>Q:<\/strong> Woher kommen NaN Teas?<br><strong>A:<\/strong> Unsere Tees werden direkt aus Taiwan bezogen.&nbsp;<\/p>\n\n\n\n<p><strong>Q:<\/strong> Wie sollte ich NaN Teas brauen?<br><strong>A:<\/strong> Die Zubereitungsanweisungen variieren je nach Teesorte. Auf jeder Produktseite sind die empfohlene Wassertemperatur, Ziehzeit und Portionsgr\u00f6\u00dfe angegeben.<\/p>\n\n\n\n<p><strong>Q:<\/strong> Kann ich mit dem NaN Teas auch kaltes Gebr\u00e4u herstellen?<br><strong>A:<\/strong> Ja, Cold Brew ist im Sommer besonders erfrischend. Eine Zubereitungsanleitung finden Sie auf jeder Produktseite.<\/p>\n<\/div><\/div>\n<\/div>\n\n\n\n<div data-block-name=\"woocommerce\/accordion-item\" data-metadata=\"{&quot;name&quot;:&quot;Roasted Oolong&quot;}\" data-wp-class--is-open=\"state.isOpen\" data-wp-context=\"{&quot;id&quot;:&quot;woocommerce-accordion-item-3&quot;,&quot;openByDefault&quot;:false}\" data-wp-init=\"callbacks.initIsOpen\" class=\"wp-block-woocommerce-accordion-item is-layout-flow wp-block-woocommerce-accordion-item-is-layout-flow\">\n<h4 data-block-name=\"woocommerce\/accordion-header\" data-level=\"4\" class=\"wp-block-woocommerce-accordion-header accordion-item__heading is-layout-flow wp-block-woocommerce-accordion-header-is-layout-flow\"><button aria-expanded=\"false\" aria-controls=\"woocommerce-accordion-item-3-panel\" data-wp-bind--aria-expanded=\"state.isOpen\" data-wp-on--click=\"actions.toggle\" id=\"woocommerce-accordion-item-3\" class=\"accordion-item__toggle\"><span>Lagerung und Pflege<\/span><span class=\"accordion-item__toggle-icon has-icon-plus\" style=\"width:1.2em;height:1.2em\"><svg width=\"1.2em\" height=\"1.2em\" viewbox=\"0 0 24 24\" fill=\"none\" xmlns=\"http:\/\/www.w3.org\/2000\/svg\" aria-hidden=\"true\"><path d=\"M11 12.5V17.5H12.5V12.5H17.5V11H12.5V6H11V11H6V12.5H11Z\" fill=\"currentColor\"><\/path><\/svg><\/span><\/button><\/h4>\n\n\n\n<div inert aria-labelledby=\"woocommerce-accordion-item-3\" data-wp-bind--inert=\"!state.isOpen\" id=\"woocommerce-accordion-item-3-panel\" role=\"region\" data-block-name=\"woocommerce\/accordion-panel\" class=\"wp-block-woocommerce-accordion-panel\"><div class=\"accordion-content__wrapper is-layout-flow wp-block-woocommerce-accordion-panel-is-layout-flow\">\n<p><strong>Q:<\/strong> Muss ich NaN Teas im K\u00fchlschrank aufbewahren?<br><strong>A:<\/strong> Nicht notwendig, aber bei gr\u00fcnem Tee hilft die K\u00fchlung, die Frische zu verl\u00e4ngern.<\/p>\n\n\n\n<p><strong>Q:<\/strong> Wie lange kann ich die Tees aufbewahren?<br><strong>A:<\/strong> Unsere Tees werden am besten innerhalb von 2 Jahren nach dem Kauf genossen, um ein optimales Aroma zu erhalten. Wenn sie jedoch richtig an einem k\u00fchlen, trockenen Ort, fern von Licht und starken Ger\u00fcchen gelagert werden, k\u00f6nnen sie noch viel l\u00e4nger genossen werden.<\/p>\n<\/div><\/div>\n<\/div>\n\n\n\n<div data-block-name=\"woocommerce\/accordion-item\" data-metadata=\"{&quot;name&quot;:&quot;Red Oolong&quot;}\" data-wp-class--is-open=\"state.isOpen\" data-wp-context=\"{&quot;id&quot;:&quot;woocommerce-accordion-item-4&quot;,&quot;openByDefault&quot;:false}\" data-wp-init=\"callbacks.initIsOpen\" class=\"wp-block-woocommerce-accordion-item is-layout-flow wp-block-woocommerce-accordion-item-is-layout-flow\">\n<h4 data-block-name=\"woocommerce\/accordion-header\" data-level=\"4\" class=\"wp-block-woocommerce-accordion-header accordion-item__heading is-layout-flow wp-block-woocommerce-accordion-header-is-layout-flow\"><button aria-expanded=\"false\" aria-controls=\"woocommerce-accordion-item-4-panel\" data-wp-bind--aria-expanded=\"state.isOpen\" data-wp-on--click=\"actions.toggle\" id=\"woocommerce-accordion-item-4\" class=\"accordion-item__toggle\"><span>Veranstaltungen &amp; Kooperationen<\/span><span class=\"accordion-item__toggle-icon has-icon-plus\" style=\"width:1.2em;height:1.2em\"><svg width=\"1.2em\" height=\"1.2em\" viewbox=\"0 0 24 24\" fill=\"none\" xmlns=\"http:\/\/www.w3.org\/2000\/svg\" aria-hidden=\"true\"><path d=\"M11 12.5V17.5H12.5V12.5H17.5V11H12.5V6H11V11H6V12.5H11Z\" fill=\"currentColor\"><\/path><\/svg><\/span><\/button><\/h4>\n\n\n\n<div inert aria-labelledby=\"woocommerce-accordion-item-4\" data-wp-bind--inert=\"!state.isOpen\" id=\"woocommerce-accordion-item-4-panel\" role=\"region\" data-block-name=\"woocommerce\/accordion-panel\" class=\"wp-block-woocommerce-accordion-panel\"><div class=\"accordion-content__wrapper is-layout-flow wp-block-woocommerce-accordion-panel-is-layout-flow\">\n<p><strong>Q:<\/strong> Wo kann ich die n\u00e4chsten Veranstaltungen von NaN Teas sehen?<br><strong>A:<\/strong> Schauen Sie auf unserer Veranstaltungsseite nach Verkostungen, Pop-ups, Workshops und M\u00e4rkten - jede Veranstaltung ist eine Chance zum Entdecken und Kontakte kn\u00fcpfen!<\/p>\n\n\n\n<p><strong>Q:<\/strong> Kann ich mit NaN Teas f\u00fcr mein Unternehmen zusammenarbeiten?<br><strong>A:<\/strong> Unbedingt! Von Men\u00fcerg\u00e4nzungen, saisonalen Angeboten, Regalverk\u00e4ufen bis hin zur Ausrichtung von Veranstaltungen - wir arbeiten gerne mit Ihnen zusammen! Nehmen Sie Kontakt auf unter info@nanteas.com<\/p>\n<\/div><\/div>\n<\/div>\n\n\n\n<div data-block-name=\"woocommerce\/accordion-item\" data-metadata=\"{&quot;name&quot;:&quot;Honey Black Tea&quot;}\" data-wp-class--is-open=\"state.isOpen\" data-wp-context=\"{&quot;id&quot;:&quot;woocommerce-accordion-item-5&quot;,&quot;openByDefault&quot;:false}\" data-wp-init=\"callbacks.initIsOpen\" class=\"wp-block-woocommerce-accordion-item is-layout-flow wp-block-woocommerce-accordion-item-is-layout-flow\">\n<h4 data-block-name=\"woocommerce\/accordion-header\" data-level=\"4\" class=\"wp-block-woocommerce-accordion-header accordion-item__heading is-layout-flow wp-block-woocommerce-accordion-header-is-layout-flow\"><button aria-expanded=\"false\" aria-controls=\"woocommerce-accordion-item-5-panel\" data-wp-bind--aria-expanded=\"state.isOpen\" data-wp-on--click=\"actions.toggle\" id=\"woocommerce-accordion-item-5\" class=\"accordion-item__toggle\"><span>Verpackung &amp; Nachhaltigkeit<\/span><span class=\"accordion-item__toggle-icon has-icon-plus\" style=\"width:1.2em;height:1.2em\"><svg width=\"1.2em\" height=\"1.2em\" viewbox=\"0 0 24 24\" fill=\"none\" xmlns=\"http:\/\/www.w3.org\/2000\/svg\" aria-hidden=\"true\"><path d=\"M11 12.5V17.5H12.5V12.5H17.5V11H12.5V6H11V11H6V12.5H11Z\" fill=\"currentColor\"><\/path><\/svg><\/span><\/button><\/h4>\n\n\n\n<div inert aria-labelledby=\"woocommerce-accordion-item-5\" data-wp-bind--inert=\"!state.isOpen\" id=\"woocommerce-accordion-item-5-panel\" role=\"region\" data-block-name=\"woocommerce\/accordion-panel\" class=\"wp-block-woocommerce-accordion-panel\"><div class=\"accordion-content__wrapper is-layout-flow wp-block-woocommerce-accordion-panel-is-layout-flow\">\n<p><strong>Q:<\/strong> Welche Art von Verpackung haben NaN Teas?<br><strong>A:<\/strong> Unsere Tees sind als lose Bl\u00e4tter (Dose und Nachf\u00fcllpackung) und als Teebeutel (Dose und Schachtel) erh\u00e4ltlich, damit Ihr Tee frisch und geschmackvoll bleibt.<\/p>\n\n\n\n<p><strong>Q:<\/strong> Ist die NaN Teas-Verpackung nachhaltig?<br><strong>A: <\/strong>Auf jeden Fall! Unsere Nachf\u00fcllbeutel sind vollst\u00e4ndig kompostierbar, alle Papierschachteln sind FSC-zertifiziert, und unsere Pyramiden-Teebeutel sind biologisch abbaubar und werden aus Maisst\u00e4rke hergestellt. Jeder Schluck f\u00fchlt sich gut an und schont den Planeten!<\/p>\n<\/div><\/div>\n<\/div>\n\n\n\n<div data-block-name=\"woocommerce\/accordion-item\" data-metadata=\"{&quot;name&quot;:&quot;Black Tea&quot;}\" data-wp-class--is-open=\"state.isOpen\" data-wp-context=\"{&quot;id&quot;:&quot;woocommerce-accordion-item-6&quot;,&quot;openByDefault&quot;:false}\" data-wp-init=\"callbacks.initIsOpen\" class=\"wp-block-woocommerce-accordion-item is-layout-flow wp-block-woocommerce-accordion-item-is-layout-flow\">\n<h4 data-block-name=\"woocommerce\/accordion-header\" data-level=\"4\" class=\"wp-block-woocommerce-accordion-header accordion-item__heading is-layout-flow wp-block-woocommerce-accordion-header-is-layout-flow\"><button aria-expanded=\"false\" aria-controls=\"woocommerce-accordion-item-6-panel\" data-wp-bind--aria-expanded=\"state.isOpen\" data-wp-on--click=\"actions.toggle\" id=\"woocommerce-accordion-item-6\" class=\"accordion-item__toggle\"><span>Andere<\/span><span class=\"accordion-item__toggle-icon has-icon-plus\" style=\"width:1.2em;height:1.2em\"><svg width=\"1.2em\" height=\"1.2em\" viewbox=\"0 0 24 24\" fill=\"none\" xmlns=\"http:\/\/www.w3.org\/2000\/svg\" aria-hidden=\"true\"><path d=\"M11 12.5V17.5H12.5V12.5H17.5V11H12.5V6H11V11H6V12.5H11Z\" fill=\"currentColor\"><\/path><\/svg><\/span><\/button><\/h4>\n\n\n\n<div inert aria-labelledby=\"woocommerce-accordion-item-6\" data-wp-bind--inert=\"!state.isOpen\" id=\"woocommerce-accordion-item-6-panel\" role=\"region\" data-block-name=\"woocommerce\/accordion-panel\" data-is-selected=\"true\" class=\"wp-block-woocommerce-accordion-panel\"><div class=\"accordion-content__wrapper is-layout-flow wp-block-woocommerce-accordion-panel-is-layout-flow\">\n<p><\/p>\n\n\n\n<p><\/p>\n\n\n\n<p><\/p>\n<\/div><\/div>\n<\/div>\n<\/div>\n<\/div><\/div>\n\n\n\n<p><\/p>\n\n\n\n<p><\/p>","protected":false},"excerpt":{"rendered":"<p>FAQ<\/p>","protected":false},"author":1,"featured_media":0,"parent":0,"menu_order":11,"comment_status":"closed","ping_status":"closed","template":"","meta":{"_acf_changed":false,"_seopress_robots_primary_cat":"","_seopress_titles_title":"FAQ \u2013 Frequently asked questions and answers | NaN Teas","_seopress_titles_desc":"Explore Faq from NaNTeas - premium quality, thoughtfully packaged, perfect for everyday enjoyment or gifting.","_seopress_robots_index":"","_uag_custom_page_level_css":"","_swt_meta_header_display":false,"_swt_meta_footer_display":false,"_swt_meta_site_title_display":false,"_swt_meta_sticky_header":false,"_swt_meta_transparent_header":false,"footnotes":""},"class_list":["post-984","page","type-page","status-publish","hentry"],"acf":[],"uagb_featured_image_src":{"full":false,"thumbnail":false,"medium":false,"medium_large":false,"large":false,"1536x1536":false,"2048x2048":false,"trp-custom-language-flag":false,"woocommerce_thumbnail":false,"woocommerce_single":false,"woocommerce_gallery_thumbnail":false},"uagb_author_info":{"display_name":"Jessie","author_link":"https:\/\/nanteas.com\/de\/author\/jessie\/"},"uagb_comment_info":0,"uagb_excerpt":"FAQ","_links":{"self":[{"href":"https:\/\/nanteas.com\/de\/wp-json\/wp\/v2\/pages\/984","targetHints":{"allow":["GET"]}}],"collection":[{"href":"https:\/\/nanteas.com\/de\/wp-json\/wp\/v2\/pages"}],"about":[{"href":"https:\/\/nanteas.com\/de\/wp-json\/wp\/v2\/types\/page"}],"author":[{"embeddable":true,"href":"https:\/\/nanteas.com\/de\/wp-json\/wp\/v2\/users\/1"}],"replies":[{"embeddable":true,"href":"https:\/\/nanteas.com\/de\/wp-json\/wp\/v2\/comments?post=984"}],"version-history":[{"count":0,"href":"https:\/\/nanteas.com\/de\/wp-json\/wp\/v2\/pages\/984\/revisions"}],"wp:attachment":[{"href":"https:\/\/nanteas.com\/de\/wp-json\/wp\/v2\/media?parent=984"}],"curies":[{"name":"wp","href":"https:\/\/api.w.org\/{rel}","templated":true}]}}