
{"id":991,"date":"2025-07-24T15:28:44","date_gmt":"2025-07-24T13:28:44","guid":{"rendered":"https:\/\/nanteas.com\/?page_id=991"},"modified":"2026-03-16T10:55:34","modified_gmt":"2026-03-16T09:55:34","slug":"veranstaltungen","status":"publish","type":"page","link":"https:\/\/nanteas.com\/de\/veranstaltungen\/","title":{"rendered":"Veranstaltungen"},"content":{"rendered":"<div class=\"wp-block-uagb-container uagb-block-b9ujmxis alignfull uagb-is-root-container\"><\/div>\n\n\n\n<div class=\"wp-block-uagb-container uagb-block-074be0d2 alignfull uagb-is-root-container\"><div class=\"uagb-container-inner-blocks-wrap\"><h1 class=\"has-text-align-center has-link-color wp-elements-202532077b46c748de08761f7ac30749 wp-block-post-title has-text-color has-heading-color\">Veranstaltungen<\/h1>\n\n\n<p>Wir lieben es, Menschen \u00fcber Tee zusammenzubringen - von Verkostungen bis zu Pop-ups und von Workshops bis zu M\u00e4rkten ist jede Veranstaltung eine Reise, auf der wir Aromen, Geschichten und Momente teilen.&nbsp;<\/p>\n\n\n\n<p>Hier erhalten Sie einen Einblick in unsere Teeabenteuer und in das, was als N\u00e4chstes ansteht:<\/p>\n\n\n\n<h2 class=\"wp-block-heading\" style=\"font-size:27px\">Tee-Workshops<\/h2>\n\n\n\n<p>Nehmen Sie an unseren gef\u00fchrten Tee-Workshops und Verkostungserlebnissen teil, um Tee durch Geschmack, Aroma und gemeinsame Entdeckung zu erkunden. In jeder Sitzung werden verschiedene Teesorten und -traditionen in einer entspannten und anregenden Umgebung vorgestellt.<\/p>\n\n\n\n<div class=\"wp-block-uagb-buttons uagb-buttons__outer-wrap uagb-btn__default-btn uagb-btn-tablet__default-btn uagb-btn-mobile__default-btn uagb-block-50177722\"><div class=\"uagb-buttons__wrap uagb-buttons-layout-wrap\">\n<div class=\"wp-block-uagb-buttons-child uagb-buttons__outer-wrap uagb-block-11ffc538 wp-block-button\"><div class=\"uagb-button__wrapper\"><a class=\"uagb-buttons-repeater wp-block-button__link\" aria-label=\"\" href=\"\/de\/veranstaltungen\/werkstatten\/\" rel=\"follow noopener\" target=\"_self\" role=\"button\"><div class=\"uagb-button__link\">Workshops erkunden<\/div><\/a><\/div><\/div>\n<\/div><\/div>\n\n\n\n<h2 class=\"wp-block-heading\" style=\"font-size:27px\"><strong>Kommende M\u00e4rkte und Festivals<\/strong><\/h2>\n\n\n\n<p>Sie k\u00f6nnen NaN Teas auch auf M\u00e4rkten, Festivals und kulturellen Veranstaltungen finden. Besuchen Sie unseren Stand, um Tees zu probieren, neue Lieblingsgetr\u00e4nke zu entdecken und Tee in einer entspannten Atmosph\u00e4re kennenzulernen.<\/p>\n\n\n\n<div class=\"wp-block-uagb-container uagb-layout-grid uagb-block-7f2a5490\">\n<div class=\"wp-block-uagb-container uagb-block-fce3e3c2\">\n<div class=\"wp-block-uagb-image uagb-block-f43ccc2c wp-block-uagb-image--layout-default wp-block-uagb-image--effect-static wp-block-uagb-image--align-none\"><figure class=\"wp-block-uagb-image__figure\"><img decoding=\"async\" srcset=\"https:\/\/nanteas.com\/wp-content\/uploads\/2025\/10\/image001_result.webp ,https:\/\/nanteas.com\/wp-content\/uploads\/2025\/10\/image001_result.webp 780w, https:\/\/nanteas.com\/wp-content\/uploads\/2025\/10\/image001_result.webp 360w\" sizes=\"auto, (max-width: 480px) 150px\" src=\"https:\/\/nanteas.com\/wp-content\/uploads\/2025\/10\/image001_result.webp\" alt=\"\" class=\"uag-image-3688\" width=\"160\" height=\"240\" title=\"image001_resultat\" loading=\"lazy\" role=\"img\"\/><\/figure><\/div>\n\n\n\n<h3 class=\"wp-block-heading has-text-align-center\">OogstMarkt<\/h3>\n\n\n\n<p class=\"has-text-align-center\">14. M\u00e4rz 2026<\/p>\n\n\n\n<p class=\"has-text-align-center\">Noordplein<\/p>\n<\/div>\n<\/div>\n\n\n\n<h2 class=\"wp-block-heading\" style=\"font-size:27px\">Gastgeber einer <strong>Tee-Verkostungen<\/strong><\/h2>\n\n\n\n<p>Sind Sie neugierig auf unsere Verkostungen? Sie sind eine Einladung zur Entschleunigung, zum bewussten Schl\u00fcrfen und zur Entdeckung, wie jeder Tee seine eigene Stimmung und Geschichte mit sich bringt. Ob in Kombination mit Geb\u00e4ck, in kleinen Gruppen oder als Teil eines saisonalen Festes - jede Verkostung ist eine Chance, Tee auf eine neue Art und Weise zu entdecken, kennenzulernen und zu genie\u00dfen.&nbsp;<\/p>\n\n\n\n<p><strong>M\u00f6chten Sie eine NaN Teas-Verkostung in Ihrem Caf\u00e9, Gesch\u00e4ft oder bei einer Veranstaltung veranstalten?                                                        Lassen Sie uns gemeinsam etwas Wundervolles brauen - kontaktieren Sie uns unter info@nanteas.com<\/strong><\/p>\n\n\n\n<p><\/p>\n\n\n\n<div class=\"wp-block-uagb-buttons uagb-buttons__outer-wrap uagb-btn__default-btn uagb-btn-tablet__default-btn uagb-btn-mobile__default-btn uagb-block-01419c96\"><div class=\"uagb-buttons__wrap uagb-buttons-layout-wrap\">\n<div class=\"wp-block-uagb-buttons-child uagb-buttons__outer-wrap uagb-block-dd6cd9cc wp-block-button\"><div class=\"uagb-button__wrapper\"><a class=\"uagb-buttons-repeater wp-block-button__link\" aria-label=\"\" href=\"\/de\/kontakt\/\" rel=\"follow noopener\" target=\"_self\" role=\"button\"><div class=\"uagb-button__link\">Kontakt<\/div><\/a><\/div><\/div>\n<\/div><\/div>\n\n\n\n<p><\/p>\n<\/div><\/div>","protected":false},"excerpt":{"rendered":"<p>We love bringing people together over tea\u2014from tastings to pop-ups and from workshops to markets, each event is a journey of sharing flavours, stories, and moments.&nbsp; Here\u2019s a glimpse into our tea adventures and what\u2019s coming next: Tea Workshops Join our guided tea workshops and tasting experiences to explore tea through flavour, aroma and shared [&hellip;]<\/p>\n","protected":false},"author":1,"featured_media":0,"parent":0,"menu_order":3,"comment_status":"closed","ping_status":"closed","template":"","meta":{"_acf_changed":false,"_seopress_robots_primary_cat":"","_seopress_titles_title":"NaN Teas Events \u2013 Tastings & Pop\u2011ups","_seopress_titles_desc":"We love bringing people together over tea\u2014whether at tastings, pop-ups, workshops, or markets, each event is a chance to share flavours, stories, and moments.","_seopress_robots_index":"","_uag_custom_page_level_css":"","_swt_meta_header_display":false,"_swt_meta_footer_display":false,"_swt_meta_site_title_display":false,"_swt_meta_sticky_header":false,"_swt_meta_transparent_header":false,"footnotes":""},"class_list":["post-991","page","type-page","status-publish","hentry"],"acf":[],"uagb_featured_image_src":{"full":false,"thumbnail":false,"medium":false,"medium_large":false,"large":false,"1536x1536":false,"2048x2048":false,"trp-custom-language-flag":false,"woocommerce_thumbnail":false,"woocommerce_single":false,"woocommerce_gallery_thumbnail":false},"uagb_author_info":{"display_name":"Jessie","author_link":"https:\/\/nanteas.com\/de\/author\/jessie\/"},"uagb_comment_info":0,"uagb_excerpt":"We love bringing people together over tea\u2014from tastings to pop-ups and from workshops to markets, each event is a journey of sharing flavours, stories, and moments.&nbsp; Here\u2019s a glimpse into our tea adventures and what\u2019s coming next: Tea Workshops Join our guided tea workshops and tasting experiences to explore tea through flavour, aroma and shared&hellip;","_links":{"self":[{"href":"https:\/\/nanteas.com\/de\/wp-json\/wp\/v2\/pages\/991","targetHints":{"allow":["GET"]}}],"collection":[{"href":"https:\/\/nanteas.com\/de\/wp-json\/wp\/v2\/pages"}],"about":[{"href":"https:\/\/nanteas.com\/de\/wp-json\/wp\/v2\/types\/page"}],"author":[{"embeddable":true,"href":"https:\/\/nanteas.com\/de\/wp-json\/wp\/v2\/users\/1"}],"replies":[{"embeddable":true,"href":"https:\/\/nanteas.com\/de\/wp-json\/wp\/v2\/comments?post=991"}],"version-history":[{"count":3,"href":"https:\/\/nanteas.com\/de\/wp-json\/wp\/v2\/pages\/991\/revisions"}],"predecessor-version":[{"id":3990,"href":"https:\/\/nanteas.com\/de\/wp-json\/wp\/v2\/pages\/991\/revisions\/3990"}],"wp:attachment":[{"href":"https:\/\/nanteas.com\/de\/wp-json\/wp\/v2\/media?parent=991"}],"curies":[{"name":"wp","href":"https:\/\/api.w.org\/{rel}","templated":true}]}}