
{"id":454,"date":"2025-06-25T10:00:41","date_gmt":"2025-06-25T08:00:41","guid":{"rendered":"https:\/\/nanteas.com\/?post_type=product&#038;p=454"},"modified":"2026-04-10T10:33:32","modified_gmt":"2026-04-10T08:33:32","slug":"roter-oolong","status":"publish","type":"product","link":"https:\/\/nanteas.com\/de\/produkt\/roter-oolong\/","title":{"rendered":"Roter Oolong"},"content":{"rendered":"<p><strong>Roter Oolong\u00a0<\/strong><\/p>\n<p>Dieser innovative taiwanesische Tee ist eine Mischung aus Oolong und schwarzem Tee und bietet ein vielschichtiges Profil, das die warme, ger\u00f6stete Tiefe des schwarzen Tees mit reichhaltigeren, ausgepr\u00e4gten Fruchtnoten verbindet. Ein perfekter Begleiter f\u00fcr ruhige Mittage, achtsame Pausen und entspannende Abende.<\/p>\n<p>Lesen Sie mehr \u00fcber unsere verschiedenen Teesorten <a href=\"https:\/\/nanteas.com\/de\/our-tea\/\">hier<\/a>.<\/p>","protected":false},"excerpt":{"rendered":"<p><strong>[Pure Leaf Series]<\/strong><br \/>\nNo additives, the true essence of tea.<\/p>\n<p>Red Fruit | Brown Sugar | Silky<\/p>\n<p>&nbsp;<\/p>\n","protected":false},"featured_media":810,"comment_status":"open","ping_status":"closed","template":"","meta":{"_acf_changed":false,"_seopress_robots_primary_cat":"none","_seopress_titles_title":"Shop Red Oolong Tea \u2013 Loose Leaf & Tea Bags | NaNTeas","_seopress_titles_desc":"Discover authentic Red Oolong tea from Taiwan - available in loose leaf and tea bags, with or without our signature NaNTeas tins for freshness and gifting.","_seopress_robots_index":"","_uag_custom_page_level_css":"","_swt_meta_header_display":false,"_swt_meta_footer_display":false,"_swt_meta_site_title_display":false,"_swt_meta_sticky_header":false,"_swt_meta_transparent_header":false},"product_brand":[38],"product_cat":[105,101,104,102,103,40],"product_tag":[],"class_list":{"0":"post-454","1":"product","2":"type-product","3":"status-publish","4":"has-post-thumbnail","6":"product_brand-nan-teas","7":"product_cat-box","8":"product_cat-loose-leaf-tea","9":"product_cat-refill-bag","10":"product_cat-tea-bags","11":"product_cat-tin","12":"product_cat-oolong-tea","14":"first","15":"instock","16":"featured","17":"taxable","18":"shipping-taxable","19":"purchasable","20":"product-type-variable"},"acf":[],"uagb_featured_image_src":{"full":["https:\/\/nanteas.com\/wp-content\/uploads\/2025\/07\/Pure-Leaf-serie-Group-Red-Oolong.jpg",2048,2048,false],"thumbnail":["https:\/\/nanteas.com\/wp-content\/uploads\/2025\/07\/Pure-Leaf-serie-Group-Red-Oolong-150x150.jpg",150,150,true],"medium":["https:\/\/nanteas.com\/wp-content\/uploads\/2025\/07\/Pure-Leaf-serie-Group-Red-Oolong-300x300.jpg",300,300,true],"medium_large":["https:\/\/nanteas.com\/wp-content\/uploads\/2025\/07\/Pure-Leaf-serie-Group-Red-Oolong-768x768.jpg",768,768,true],"large":["https:\/\/nanteas.com\/wp-content\/uploads\/2025\/07\/Pure-Leaf-serie-Group-Red-Oolong-1024x1024.jpg",1024,1024,true],"1536x1536":["https:\/\/nanteas.com\/wp-content\/uploads\/2025\/07\/Pure-Leaf-serie-Group-Red-Oolong-1536x1536.jpg",1536,1536,true],"2048x2048":["https:\/\/nanteas.com\/wp-content\/uploads\/2025\/07\/Pure-Leaf-serie-Group-Red-Oolong.jpg",2048,2048,false],"trp-custom-language-flag":["https:\/\/nanteas.com\/wp-content\/uploads\/2025\/07\/Pure-Leaf-serie-Group-Red-Oolong-12x12.jpg",12,12,true],"woocommerce_thumbnail":["https:\/\/nanteas.com\/wp-content\/uploads\/2025\/07\/Pure-Leaf-serie-Group-Red-Oolong-300x300.jpg",300,300,true],"woocommerce_single":["https:\/\/nanteas.com\/wp-content\/uploads\/2025\/07\/Pure-Leaf-serie-Group-Red-Oolong-600x600.jpg",600,600,true],"woocommerce_gallery_thumbnail":["https:\/\/nanteas.com\/wp-content\/uploads\/2025\/07\/Pure-Leaf-serie-Group-Red-Oolong-100x100.jpg",100,100,true]},"uagb_author_info":{"display_name":"Jessie","author_link":"https:\/\/nanteas.com\/de\/author\/"},"uagb_comment_info":2,"uagb_excerpt":"[Pure Leaf Series] No additives, the true essence of tea. Red Fruit | Brown Sugar | Silky &nbsp;","_links":{"self":[{"href":"https:\/\/nanteas.com\/de\/wp-json\/wp\/v2\/product\/454","targetHints":{"allow":["GET"]}}],"collection":[{"href":"https:\/\/nanteas.com\/de\/wp-json\/wp\/v2\/product"}],"about":[{"href":"https:\/\/nanteas.com\/de\/wp-json\/wp\/v2\/types\/product"}],"replies":[{"embeddable":true,"href":"https:\/\/nanteas.com\/de\/wp-json\/wp\/v2\/comments?post=454"}],"wp:featuredmedia":[{"embeddable":true,"href":"https:\/\/nanteas.com\/de\/wp-json\/wp\/v2\/media\/810"}],"wp:attachment":[{"href":"https:\/\/nanteas.com\/de\/wp-json\/wp\/v2\/media?parent=454"}],"wp:term":[{"taxonomy":"product_brand","embeddable":true,"href":"https:\/\/nanteas.com\/de\/wp-json\/wp\/v2\/product_brand?post=454"},{"taxonomy":"product_cat","embeddable":true,"href":"https:\/\/nanteas.com\/de\/wp-json\/wp\/v2\/product_cat?post=454"},{"taxonomy":"product_tag","embeddable":true,"href":"https:\/\/nanteas.com\/de\/wp-json\/wp\/v2\/product_tag?post=454"}],"curies":[{"name":"wp","href":"https:\/\/api.w.org\/{rel}","templated":true}]}}