{"id":459,"date":"2025-06-25T10:04:49","date_gmt":"2025-06-25T08:04:49","guid":{"rendered":"https:\/\/nanteas.com\/?post_type=product&#038;p=459"},"modified":"2026-04-22T15:22:19","modified_gmt":"2026-04-22T13:22:19","slug":"honig-schwarztee","status":"publish","type":"product","link":"https:\/\/nanteas.com\/de\/produkt\/honig-schwarztee\/","title":{"rendered":"Honig SchwarzTee"},"content":{"rendered":"<p><strong>Honig SchwarzTee<\/strong><\/p>\n<p>Dieser Tee wird in den sonnenverw\u00f6hnten H\u00fcgeln Taiwans angebaut und durch ein einzigartiges Verfahren nat\u00fcrlich ges\u00fc\u00dft, bei dem Heuschrecken das nat\u00fcrliche Honigaroma der Pflanze ausl\u00f6sen. Eine subtile Tasse f\u00fcr alle, die auf Zucker, aber nicht auf Geschmack verzichten m\u00f6chten - perfekt f\u00fcr einen entspannten Start, sanfte Momente und die Leichtigkeit des Alltags.<\/p>\n<p>Lesen Sie mehr \u00fcber unsere verschiedenen Teesorten <a href=\"https:\/\/nanteas.com\/de\/our-tea\/\">hier<\/a>.<\/p>","protected":false},"excerpt":{"rendered":"<p><strong>[Pure Leaf Series]<\/strong><br \/>\nNo additives, the true essence of tea.<\/p>\n<p>Honey | Vanilla | Smooth<\/p>\n<p>&nbsp;<\/p>\n","protected":false},"featured_media":806,"comment_status":"open","ping_status":"closed","template":"","meta":{"_acf_changed":false,"_seopress_robots_primary_cat":"none","_seopress_titles_title":"Shop Honey Black Tea \u2013 Loose Leaf & Tea Bags | NaNTeas","_seopress_titles_desc":"Discover authentic Honey Black Tea tea from Taiwan - available in loose leaf and tea bags, with or without our signature NaNTeas tins for freshness and gifting.","_seopress_robots_index":"","_uag_custom_page_level_css":"","_swt_meta_header_display":false,"_swt_meta_footer_display":false,"_swt_meta_site_title_display":false,"_swt_meta_sticky_header":false,"_swt_meta_transparent_header":false},"product_brand":[],"product_cat":[105,101,104,102,103,41],"product_tag":[],"class_list":{"0":"post-459","1":"product","2":"type-product","3":"status-publish","4":"has-post-thumbnail","6":"product_cat-box","7":"product_cat-loose-leaf-tea","8":"product_cat-refill-bag","9":"product_cat-tea-bags","10":"product_cat-tin","11":"product_cat-black-tea","13":"first","14":"instock","15":"featured","16":"taxable","17":"shipping-taxable","18":"purchasable","19":"product-type-variable"},"acf":[],"uagb_featured_image_src":{"full":["https:\/\/nanteas.com\/wp-content\/uploads\/2025\/07\/Pure-Leaf-serie-Group-Honey-Black-Tea.jpg",2048,2048,false],"thumbnail":["https:\/\/nanteas.com\/wp-content\/uploads\/2025\/07\/Pure-Leaf-serie-Group-Honey-Black-Tea-150x150.jpg",150,150,true],"medium":["https:\/\/nanteas.com\/wp-content\/uploads\/2025\/07\/Pure-Leaf-serie-Group-Honey-Black-Tea-300x300.jpg",300,300,true],"medium_large":["https:\/\/nanteas.com\/wp-content\/uploads\/2025\/07\/Pure-Leaf-serie-Group-Honey-Black-Tea-768x768.jpg",768,768,true],"large":["https:\/\/nanteas.com\/wp-content\/uploads\/2025\/07\/Pure-Leaf-serie-Group-Honey-Black-Tea-1024x1024.jpg",1024,1024,true],"1536x1536":["https:\/\/nanteas.com\/wp-content\/uploads\/2025\/07\/Pure-Leaf-serie-Group-Honey-Black-Tea-1536x1536.jpg",1536,1536,true],"2048x2048":["https:\/\/nanteas.com\/wp-content\/uploads\/2025\/07\/Pure-Leaf-serie-Group-Honey-Black-Tea.jpg",2048,2048,false],"trp-custom-language-flag":["https:\/\/nanteas.com\/wp-content\/uploads\/2025\/07\/Pure-Leaf-serie-Group-Honey-Black-Tea-12x12.jpg",12,12,true],"woocommerce_thumbnail":["https:\/\/nanteas.com\/wp-content\/uploads\/2025\/07\/Pure-Leaf-serie-Group-Honey-Black-Tea-300x300.jpg",300,300,true],"woocommerce_single":["https:\/\/nanteas.com\/wp-content\/uploads\/2025\/07\/Pure-Leaf-serie-Group-Honey-Black-Tea-600x600.jpg",600,600,true],"woocommerce_gallery_thumbnail":["https:\/\/nanteas.com\/wp-content\/uploads\/2025\/07\/Pure-Leaf-serie-Group-Honey-Black-Tea-100x100.jpg",100,100,true]},"uagb_author_info":{"display_name":"Jessie","author_link":"https:\/\/nanteas.com\/de\/author\/"},"uagb_comment_info":3,"uagb_excerpt":"[Pure Leaf Series] No additives, the true essence of tea. Honey | Vanilla | Smooth &nbsp;","_links":{"self":[{"href":"https:\/\/nanteas.com\/de\/wp-json\/wp\/v2\/product\/459","targetHints":{"allow":["GET"]}}],"collection":[{"href":"https:\/\/nanteas.com\/de\/wp-json\/wp\/v2\/product"}],"about":[{"href":"https:\/\/nanteas.com\/de\/wp-json\/wp\/v2\/types\/product"}],"replies":[{"embeddable":true,"href":"https:\/\/nanteas.com\/de\/wp-json\/wp\/v2\/comments?post=459"}],"wp:featuredmedia":[{"embeddable":true,"href":"https:\/\/nanteas.com\/de\/wp-json\/wp\/v2\/media\/806"}],"wp:attachment":[{"href":"https:\/\/nanteas.com\/de\/wp-json\/wp\/v2\/media?parent=459"}],"wp:term":[{"taxonomy":"product_brand","embeddable":true,"href":"https:\/\/nanteas.com\/de\/wp-json\/wp\/v2\/product_brand?post=459"},{"taxonomy":"product_cat","embeddable":true,"href":"https:\/\/nanteas.com\/de\/wp-json\/wp\/v2\/product_cat?post=459"},{"taxonomy":"product_tag","embeddable":true,"href":"https:\/\/nanteas.com\/de\/wp-json\/wp\/v2\/product_tag?post=459"}],"curies":[{"name":"wp","href":"https:\/\/api.w.org\/{rel}","templated":true}]}}