
{"id":294,"date":"2025-07-23T13:13:27","date_gmt":"2025-07-23T11:13:27","guid":{"rendered":"https:\/\/nanteas.com\/?page_id=294"},"modified":"2026-03-17T13:42:52","modified_gmt":"2026-03-17T12:42:52","slug":"histoire-de-nan","status":"publish","type":"page","link":"https:\/\/nanteas.com\/fr\/histoire-de-nan\/","title":{"rendered":"Histoire de NaN"},"content":{"rendered":"<div class=\"wp-block-uagb-container hero-500 uagb-layout-flex uagb-block-3a17fdf8 alignfull uagb-is-root-container\"><\/div>\n\n\n\n<div class=\"wp-block-uagb-container uagb-block-fa3cc102 alignfull uagb-is-root-container\"><div class=\"uagb-container-inner-blocks-wrap\"><h1 style=\"border-style:none;border-width:0px;\" class=\"has-text-align-center has-link-color wp-elements-676a65987a89ffb2a0c47a5b4c92768c wp-block-post-title has-text-color has-heading-color\">Histoire de NaN<\/h1>\n\n\n<h2 class=\"wp-block-heading\" style=\"font-size:27px\">Comment tout a commenc\u00e9&nbsp;<\/h2>\n\n\n\n<p>NaN Teas a vu le jour \u00e0 la fin de l'ann\u00e9e 2024 \u00e0 Rotterdam, avec un simple souhait: travailler avec quelque chose d\u2019authentique, quelque chose venu de chez moi qui pourrait apporter un sourire \u00e0 chacun.&nbsp;<\/p>\n\n\n\n<p>Ce \"quelque chose\" s'est av\u00e9r\u00e9 \u00eatre le <strong>th\u00e9 ta\u00efwanais<\/strong>. Une fa\u00e7on d'apporter de la joie et de cr\u00e9er des liens \u00e0 travers quelque chose de vrai. Parce que <strong>tout le monde m\u00e9rite une bonne tasse de th\u00e9<\/strong>.<\/p>\n\n\n\n<p>Le nom \"NaN\" porte une signification profond\u00e9ment personnelle. C'est \u00e0 la fois le deuxi\u00e8me pr\u00e9nom de ma m\u00e8re et celui de ma fille, un hommage discret \u00e0 l'amour et \u00e0 la force transmis \u00e0 travers les g\u00e9n\u00e9rations.<\/p>\n\n\n\n<p class=\"translation-block\">\"NaN\" signifie aussi \"<strong>Not a Number<\/strong>\u201d en informatique, symbole de l'ind\u00e9fini. Pour nous, c\u2019est un rappel que chaque chose a sa propre valeur et son propre rythme. Nous sommes tous uniques, et nous voulons que nos th\u00e9s c\u00e9l\u00e8brent cette singularit\u00e9. C'est aussi une invitation \u00e0 savourer la vie \u00e0 son propre rythme.<\/p>\n\n\n\n<p>En chinois, \"NaN\" signifie \"Sud\" <strong>\u5357<\/strong>, un reflet de la chaleur et de l'ambiance d\u00e9tendue que nous esp\u00e9rons partager \u00e0 travers nos th\u00e9s.&nbsp;<br><br><\/p>\n\n\n\n<h2 class=\"wp-block-heading\" style=\"font-size:27px\">Nos valeurs et notre philosophie&nbsp;<\/h2>\n\n\n\n<p>Chez NaN, nous pensons que le th\u00e9 de qualit\u00e9 doit \u00eatre accessible \u00e0 tous et qu\u2019il n\u2019est pas n\u00e9cessaire d\u2019\u00eatre un expert pour trouver un th\u00e9 \u00e0 son go\u00fbt. C'est pourquoi notre approche est simple: <strong>des choix clairs, sans confusion, juste du th\u00e9 auquel vous pouvez faire confiance et que vous pouvez savourer<\/strong>.<\/p>\n\n\n\n<p>Nous croyons \u00e9galement qu\u2019il est important de faire les choses de la bonne mani\u00e8re. Nous nous approvisionnons directement aupr\u00e8s de producteurs \u00e0 Ta\u00efwan et proposons des th\u00e9s authentiques et de grande qualit\u00e9, \u00e0 des prix justes et choisis avec soin. Respectueux de nos producteurs et de la plan\u00e8te, nous privil\u00e9gions des emballages recyclables ou compostables, t\u00e9moignant ainsi de <strong><strong>notre engagement en faveur du d\u00e9veloppement durable<\/strong>.<\/strong>.<\/p>\n\n\n\n<p class=\"translation-block\">C\u2019est ainsi que nous avons commenc\u00e9. Et c\u2019est ce que nous esp\u00e9rons partager \u00e0 travers chaque tasse: <strong>de l\u2019authenticit\u00e9, de la chaleur et une v\u00e9ritable pause dans votre journ\u00e9e<\/strong>.<\/p>\n<\/div><\/div>","protected":false},"excerpt":{"rendered":"<p>How we started&nbsp; NaN Teas began in late 2024 in Rotterdam, with a simple wish: I wanted to work with something genuine that something from home that might make people smile.&nbsp; That \u201csomething\u201d turned out to be Taiwanese tea. A way to bring joy and connection through something real. Because everyone deserves a good cup [&hellip;]<\/p>\n","protected":false},"author":1,"featured_media":0,"parent":0,"menu_order":2,"comment_status":"closed","ping_status":"closed","template":"","meta":{"_acf_changed":false,"_seopress_robots_primary_cat":"","_seopress_titles_title":"NaNTeas Story | Sourcing Authentic Taiwanese Teas","_seopress_titles_desc":"Learn about NaNTeas - our story, heritage, and sourcing practices. Discover how we bring authentic Taiwanese teas to your cup with care and passion.","_seopress_robots_index":"","_uag_custom_page_level_css":"","_swt_meta_header_display":false,"_swt_meta_footer_display":false,"_swt_meta_site_title_display":false,"_swt_meta_sticky_header":false,"_swt_meta_transparent_header":false,"footnotes":""},"class_list":["post-294","page","type-page","status-publish","hentry"],"acf":[],"uagb_featured_image_src":{"full":false,"thumbnail":false,"medium":false,"medium_large":false,"large":false,"1536x1536":false,"2048x2048":false,"trp-custom-language-flag":false,"woocommerce_thumbnail":false,"woocommerce_single":false,"woocommerce_gallery_thumbnail":false},"uagb_author_info":{"display_name":"Jessie","author_link":"https:\/\/nanteas.com\/fr\/author\/jessie\/"},"uagb_comment_info":0,"uagb_excerpt":"How we started&nbsp; NaN Teas began in late 2024 in Rotterdam, with a simple wish: I wanted to work with something genuine that something from home that might make people smile.&nbsp; That \u201csomething\u201d turned out to be Taiwanese tea. A way to bring joy and connection through something real. Because everyone deserves a good cup\u2026","_links":{"self":[{"href":"https:\/\/nanteas.com\/fr\/wp-json\/wp\/v2\/pages\/294","targetHints":{"allow":["GET"]}}],"collection":[{"href":"https:\/\/nanteas.com\/fr\/wp-json\/wp\/v2\/pages"}],"about":[{"href":"https:\/\/nanteas.com\/fr\/wp-json\/wp\/v2\/types\/page"}],"author":[{"embeddable":true,"href":"https:\/\/nanteas.com\/fr\/wp-json\/wp\/v2\/users\/1"}],"replies":[{"embeddable":true,"href":"https:\/\/nanteas.com\/fr\/wp-json\/wp\/v2\/comments?post=294"}],"version-history":[{"count":4,"href":"https:\/\/nanteas.com\/fr\/wp-json\/wp\/v2\/pages\/294\/revisions"}],"predecessor-version":[{"id":3997,"href":"https:\/\/nanteas.com\/fr\/wp-json\/wp\/v2\/pages\/294\/revisions\/3997"}],"wp:attachment":[{"href":"https:\/\/nanteas.com\/fr\/wp-json\/wp\/v2\/media?parent=294"}],"curies":[{"name":"wp","href":"https:\/\/api.w.org\/{rel}","templated":true}]}}