
{"id":991,"date":"2025-07-24T15:28:44","date_gmt":"2025-07-24T13:28:44","guid":{"rendered":"https:\/\/nanteas.com\/?page_id=991"},"modified":"2026-03-16T10:55:34","modified_gmt":"2026-03-16T09:55:34","slug":"evenements","status":"publish","type":"page","link":"https:\/\/nanteas.com\/fr\/evenements\/","title":{"rendered":"Ev\u00e9nements"},"content":{"rendered":"<div class=\"wp-block-uagb-container uagb-block-b9ujmxis alignfull uagb-is-root-container\"><\/div>\n\n\n\n<div class=\"wp-block-uagb-container uagb-block-074be0d2 alignfull uagb-is-root-container\"><div class=\"uagb-container-inner-blocks-wrap\"><h1 class=\"has-text-align-center has-link-color wp-elements-202532077b46c748de08761f7ac30749 wp-block-post-title has-text-color has-heading-color\">Ev\u00e9nements<\/h1>\n\n\n<p>Nous aimons rassembler les gens autour du th\u00e9 - des d\u00e9gustations aux pop-ups et des ateliers aux march\u00e9s, chaque \u00e9v\u00e9nement est un voyage de partage de saveurs, d'histoires et de moments.&nbsp;<\/p>\n\n\n\n<p>Voici un aper\u00e7u de nos aventures en mati\u00e8re de th\u00e9 et de ce qui nous attend :<\/p>\n\n\n\n<h2 class=\"wp-block-heading\" style=\"font-size:27px\">Ateliers de th\u00e9<\/h2>\n\n\n\n<p>Participez \u00e0 nos ateliers de th\u00e9 guid\u00e9s et \u00e0 nos exp\u00e9riences de d\u00e9gustation pour explorer le th\u00e9 \u00e0 travers les saveurs, les ar\u00f4mes et la d\u00e9couverte partag\u00e9e. Chaque session pr\u00e9sente diff\u00e9rents styles et traditions de th\u00e9 dans un cadre d\u00e9tendu et engageant.<\/p>\n\n\n\n<div class=\"wp-block-uagb-buttons uagb-buttons__outer-wrap uagb-btn__default-btn uagb-btn-tablet__default-btn uagb-btn-mobile__default-btn uagb-block-50177722\"><div class=\"uagb-buttons__wrap uagb-buttons-layout-wrap\">\n<div class=\"wp-block-uagb-buttons-child uagb-buttons__outer-wrap uagb-block-11ffc538 wp-block-button\"><div class=\"uagb-button__wrapper\"><a class=\"uagb-buttons-repeater wp-block-button__link\" aria-label=\"\" href=\"\/fr\/evenements\/ateliers\/\" rel=\"follow noopener\" target=\"_self\" role=\"button\"><div class=\"uagb-button__link\">Explorer les ateliers<\/div><\/a><\/div><\/div>\n<\/div><\/div>\n\n\n\n<h2 class=\"wp-block-heading\" style=\"font-size:27px\"><strong>Prochains march\u00e9s et festivals<\/strong><\/h2>\n\n\n\n<p>Vous pouvez \u00e9galement trouver NaN Teas sur les march\u00e9s, les festivals et les \u00e9v\u00e9nements culturels. Visitez notre stand pour d\u00e9guster des th\u00e9s, d\u00e9couvrir de nouveaux go\u00fbts et explorer le th\u00e9 dans un cadre d\u00e9contract\u00e9.<\/p>\n\n\n\n<div class=\"wp-block-uagb-container uagb-layout-grid uagb-block-7f2a5490\">\n<div class=\"wp-block-uagb-container uagb-block-fce3e3c2\">\n<div class=\"wp-block-uagb-image uagb-block-f43ccc2c wp-block-uagb-image--layout-default wp-block-uagb-image--effect-static wp-block-uagb-image--align-none\"><figure class=\"wp-block-uagb-image__figure\"><img decoding=\"async\" srcset=\"https:\/\/nanteas.com\/wp-content\/uploads\/2025\/10\/image001_result.webp ,https:\/\/nanteas.com\/wp-content\/uploads\/2025\/10\/image001_result.webp 780w, https:\/\/nanteas.com\/wp-content\/uploads\/2025\/10\/image001_result.webp 360w\" sizes=\"auto, (max-width: 480px) 150px\" src=\"https:\/\/nanteas.com\/wp-content\/uploads\/2025\/10\/image001_result.webp\" alt=\"\" class=\"uag-image-3688\" width=\"160\" height=\"240\" title=\"image001_r\u00e9sultat\" loading=\"lazy\" role=\"img\"\/><\/figure><\/div>\n\n\n\n<h3 class=\"wp-block-heading has-text-align-center\">OogstMarkt<\/h3>\n\n\n\n<p class=\"has-text-align-center\">14 mars 2026<\/p>\n\n\n\n<p class=\"has-text-align-center\">Noordplein<\/p>\n<\/div>\n<\/div>\n\n\n\n<h2 class=\"wp-block-heading\" style=\"font-size:27px\">Accueillir un <strong>D\u00e9gustations de th\u00e9<\/strong><\/h2>\n\n\n\n<p>Vous \u00eates curieux de conna\u00eetre nos d\u00e9gustations ? Elles sont une invitation \u00e0 ralentir, \u00e0 siroter avec intention et \u00e0 d\u00e9couvrir comment chaque th\u00e9 v\u00e9hicule sa propre humeur et sa propre histoire. Qu'elles soient accompagn\u00e9es de p\u00e2tisseries, partag\u00e9es en petits groupes ou int\u00e9gr\u00e9es \u00e0 une c\u00e9l\u00e9bration saisonni\u00e8re, chaque d\u00e9gustation est l'occasion d'explorer, de nouer des liens et d'appr\u00e9cier le th\u00e9 d'une nouvelle mani\u00e8re.&nbsp;<\/p>\n\n\n\n<p><strong>Vous souhaitez organiser une d\u00e9gustation de NaN Teas dans votre caf\u00e9, votre magasin ou lors d'un \u00e9v\u00e9nement ?                                                        Laissez-nous brasser quelque chose de merveilleux ensemble - contactez-nous \u00e0 l'adresse suivante : info@nanteas.com<\/strong><\/p>\n\n\n\n<p><\/p>\n\n\n\n<div class=\"wp-block-uagb-buttons uagb-buttons__outer-wrap uagb-btn__default-btn uagb-btn-tablet__default-btn uagb-btn-mobile__default-btn uagb-block-01419c96\"><div class=\"uagb-buttons__wrap uagb-buttons-layout-wrap\">\n<div class=\"wp-block-uagb-buttons-child uagb-buttons__outer-wrap uagb-block-dd6cd9cc wp-block-button\"><div class=\"uagb-button__wrapper\"><a class=\"uagb-buttons-repeater wp-block-button__link\" aria-label=\"\" href=\"\/fr\/contact\/\" rel=\"follow noopener\" target=\"_self\" role=\"button\"><div class=\"uagb-button__link\">Contactez nous<\/div><\/a><\/div><\/div>\n<\/div><\/div>\n\n\n\n<p><\/p>\n<\/div><\/div>","protected":false},"excerpt":{"rendered":"<p>We love bringing people together over tea\u2014from tastings to pop-ups and from workshops to markets, each event is a journey of sharing flavours, stories, and moments.&nbsp; Here\u2019s a glimpse into our tea adventures and what\u2019s coming next: Tea Workshops Join our guided tea workshops and tasting experiences to explore tea through flavour, aroma and shared [&hellip;]<\/p>\n","protected":false},"author":1,"featured_media":0,"parent":0,"menu_order":3,"comment_status":"closed","ping_status":"closed","template":"","meta":{"_acf_changed":false,"_seopress_robots_primary_cat":"","_seopress_titles_title":"NaN Teas Events \u2013 Tastings & Pop\u2011ups","_seopress_titles_desc":"We love bringing people together over tea\u2014whether at tastings, pop-ups, workshops, or markets, each event is a chance to share flavours, stories, and moments.","_seopress_robots_index":"","_uag_custom_page_level_css":"","_swt_meta_header_display":false,"_swt_meta_footer_display":false,"_swt_meta_site_title_display":false,"_swt_meta_sticky_header":false,"_swt_meta_transparent_header":false,"footnotes":""},"class_list":["post-991","page","type-page","status-publish","hentry"],"acf":[],"uagb_featured_image_src":{"full":false,"thumbnail":false,"medium":false,"medium_large":false,"large":false,"1536x1536":false,"2048x2048":false,"trp-custom-language-flag":false,"woocommerce_thumbnail":false,"woocommerce_single":false,"woocommerce_gallery_thumbnail":false},"uagb_author_info":{"display_name":"Jessie","author_link":"https:\/\/nanteas.com\/fr\/author\/jessie\/"},"uagb_comment_info":0,"uagb_excerpt":"We love bringing people together over tea\u2014from tastings to pop-ups and from workshops to markets, each event is a journey of sharing flavours, stories, and moments.&nbsp; Here\u2019s a glimpse into our tea adventures and what\u2019s coming next: Tea Workshops Join our guided tea workshops and tasting experiences to explore tea through flavour, aroma and shared\u2026","_links":{"self":[{"href":"https:\/\/nanteas.com\/fr\/wp-json\/wp\/v2\/pages\/991","targetHints":{"allow":["GET"]}}],"collection":[{"href":"https:\/\/nanteas.com\/fr\/wp-json\/wp\/v2\/pages"}],"about":[{"href":"https:\/\/nanteas.com\/fr\/wp-json\/wp\/v2\/types\/page"}],"author":[{"embeddable":true,"href":"https:\/\/nanteas.com\/fr\/wp-json\/wp\/v2\/users\/1"}],"replies":[{"embeddable":true,"href":"https:\/\/nanteas.com\/fr\/wp-json\/wp\/v2\/comments?post=991"}],"version-history":[{"count":3,"href":"https:\/\/nanteas.com\/fr\/wp-json\/wp\/v2\/pages\/991\/revisions"}],"predecessor-version":[{"id":3990,"href":"https:\/\/nanteas.com\/fr\/wp-json\/wp\/v2\/pages\/991\/revisions\/3990"}],"wp:attachment":[{"href":"https:\/\/nanteas.com\/fr\/wp-json\/wp\/v2\/media?parent=991"}],"curies":[{"name":"wp","href":"https:\/\/api.w.org\/{rel}","templated":true}]}}