
{"id":993,"date":"2025-07-24T15:29:13","date_gmt":"2025-07-24T13:29:13","guid":{"rendered":"https:\/\/nanteas.com\/?page_id=993"},"modified":"2025-09-22T17:26:37","modified_gmt":"2025-09-22T15:26:37","slug":"devenir-partenaire","status":"publish","type":"page","link":"https:\/\/nanteas.com\/fr\/devenir-partenaire\/","title":{"rendered":"Devenez partenaire"},"content":{"rendered":"<div class=\"wp-block-uagb-container uagb-block-dbb16421 alignfull uagb-is-root-container\"><div class=\"uagb-container-inner-blocks-wrap\">\n<h1 class=\"wp-block-heading\" style=\"font-size:40px\"><strong>Devenez partenaire<\/strong><\/h1>\n\n\n\n<p>Vous souhaitez ajouter une touche de magie \u00e0 votre menu ou surprendre vos clients avec quelque chose de sp\u00e9cial? Que vous teniez un caf\u00e9, un restaurant ou une boutique, nos th\u00e9s apportent le go\u00fbt authentique des montagnes de Ta\u00efwan directement dans chaque tasse et sur chaque \u00e9tag\u00e8re.<\/p>\n\n\n\n<p>Nous aimons collaborer avec des partenaires qui partagent notre passion pour le th\u00e9 de qualit\u00e9. Qu\u2019il s\u2019agisse de servir nos th\u00e9s \u00e0 la tasse ou de proposer nos coffrets \u00e0 la vente, il existe de nombreuses fa\u00e7ons de r\u00e9pandre l\u2019amour du th\u00e9.<\/p>\n\n\n\n<p>Nous appr\u00e9cions \u00e9galement de donner vie \u00e0 nos th\u00e9s lors d\u2019\u00e9v\u00e9nements - d\u00e9gustations, pop-ups et ateliers - transformant chaque gorg\u00e9e en une exp\u00e9rience unique que vos invit\u00e9s sauront appr\u00e9cier. D\u00e9couvrez-en plus sur nos <a href=\"https:\/\/nanteas.com\/fr\/evenements\/\" data-type=\"page\" data-id=\"991\">\u00c9V\u00c9NEMENTS<\/a>.&nbsp;<\/p>\n\n\n\n<p>Int\u00e9ress\u00e9(e) ? <a href=\"https:\/\/nanteas.com\/fr\/contact\/\" data-type=\"page\" data-id=\"292\">Contactez nous<\/a> et d\u00e9couvrez comment nous pouvons apporter \u00e0 votre entreprise des moments de th\u00e9 savoureux et m\u00e9morables. Infusons ensemble quelque chose de merveilleux !<\/p>\n<\/div><\/div>\n\n\n\n<div class=\"wp-block-uagb-container uagb-block-63ac498c default uagb-is-root-container\">\n<div class=\"wp-block-uagb-image uagb-block-66f60904 wp-block-uagb-image--layout-default wp-block-uagb-image--effect-static wp-block-uagb-image--align-none\"><figure class=\"wp-block-uagb-image__figure\"><img decoding=\"async\" srcset=\"https:\/\/nanteas.com\/wp-content\/uploads\/2025\/09\/IMG_9490-768x1024.jpg ,https:\/\/nanteas.com\/wp-content\/uploads\/2025\/09\/partnering.jpg 780w, https:\/\/nanteas.com\/wp-content\/uploads\/2025\/09\/partnering.jpg 360w\" sizes=\"auto, (max-width: 480px) 150px\" src=\"https:\/\/nanteas.com\/wp-content\/uploads\/2025\/09\/IMG_9490-768x1024.jpg\" alt=\"\" class=\"uag-image-2995\" width=\"768\" height=\"1024\" title=\"IMG_9490\" loading=\"lazy\" role=\"img\"\/><\/figure><\/div>\n<\/div>\n\n\n\n<p><\/p>","protected":false},"excerpt":{"rendered":"<p>Become a partner Looking to add a little magic to your menu or delight your customers with something special? Whether you run a caf\u00e9, restaurant, or shop, our teas bring a taste of Taiwan\u2019s mountains straight to every cup and shelf. We love teaming up with partners who share our passion for quality tea. From [&hellip;]<\/p>\n","protected":false},"author":1,"featured_media":0,"parent":0,"menu_order":9,"comment_status":"closed","ping_status":"closed","template":"","meta":{"_acf_changed":false,"_seopress_robots_primary_cat":"","_seopress_titles_title":"Wholesale Tea Partner | B2B Taiwanese Tea by NaNTeas","_seopress_titles_desc":"Partner with NaNTeas - offer your customers authentic Taiwanese teas. Wholesale loose leaf and tea bags for retailers, caf\u00e9s, and corporate gifting.","_seopress_robots_index":"","_uag_custom_page_level_css":"","_swt_meta_header_display":false,"_swt_meta_footer_display":false,"_swt_meta_site_title_display":false,"_swt_meta_sticky_header":false,"_swt_meta_transparent_header":false,"footnotes":""},"class_list":["post-993","page","type-page","status-publish","hentry"],"acf":[],"uagb_featured_image_src":{"full":false,"thumbnail":false,"medium":false,"medium_large":false,"large":false,"1536x1536":false,"2048x2048":false,"trp-custom-language-flag":false,"woocommerce_thumbnail":false,"woocommerce_single":false,"woocommerce_gallery_thumbnail":false},"uagb_author_info":{"display_name":"Jessie","author_link":"https:\/\/nanteas.com\/fr\/author\/jessie\/"},"uagb_comment_info":0,"uagb_excerpt":"Become a partner Looking to add a little magic to your menu or delight your customers with something special? Whether you run a caf\u00e9, restaurant, or shop, our teas bring a taste of Taiwan\u2019s mountains straight to every cup and shelf. We love teaming up with partners who share our passion for quality tea. From\u2026","_links":{"self":[{"href":"https:\/\/nanteas.com\/fr\/wp-json\/wp\/v2\/pages\/993","targetHints":{"allow":["GET"]}}],"collection":[{"href":"https:\/\/nanteas.com\/fr\/wp-json\/wp\/v2\/pages"}],"about":[{"href":"https:\/\/nanteas.com\/fr\/wp-json\/wp\/v2\/types\/page"}],"author":[{"embeddable":true,"href":"https:\/\/nanteas.com\/fr\/wp-json\/wp\/v2\/users\/1"}],"replies":[{"embeddable":true,"href":"https:\/\/nanteas.com\/fr\/wp-json\/wp\/v2\/comments?post=993"}],"version-history":[{"count":0,"href":"https:\/\/nanteas.com\/fr\/wp-json\/wp\/v2\/pages\/993\/revisions"}],"wp:attachment":[{"href":"https:\/\/nanteas.com\/fr\/wp-json\/wp\/v2\/media?parent=993"}],"curies":[{"name":"wp","href":"https:\/\/api.w.org\/{rel}","templated":true}]}}