
{"id":998,"date":"2025-07-24T15:31:56","date_gmt":"2025-07-24T13:31:56","guid":{"rendered":"https:\/\/nanteas.com\/?page_id=998"},"modified":"2025-09-16T21:16:31","modified_gmt":"2025-09-16T19:16:31","slug":"politique-relative-aux-cookies","status":"publish","type":"page","link":"https:\/\/nanteas.com\/fr\/politique-relative-aux-cookies\/","title":{"rendered":"Politique en mati\u00e8re de cookies"},"content":{"rendered":"<div class=\"wp-block-uagb-container uagb-block-586d1e89 alignfull uagb-is-root-container\"><div class=\"uagb-container-inner-blocks-wrap\">\n<h1 class=\"wp-block-heading\" style=\"font-size:40px\">Politique en mati\u00e8re de cookies<\/h1>\n\n\n\n<p><strong>Date d'entr\u00e9e en vigueur :<\/strong> 07-09-2025<\/p>\n\n\n\n<p>La pr\u00e9sente politique en mati\u00e8re de cookies explique comment <strong>NaN Teas<\/strong> (\"nous\", \"notre\", \"nos\") utilise des cookies et des technologies de suivi similaires sur son site web. En utilisant notre site web, vous consentez \u00e0 ce que nous utilisions des cookies conform\u00e9ment \u00e0 la pr\u00e9sente politique.<\/p>\n\n\n\n<h2 class=\"wp-block-heading\" style=\"font-size:27px\"><strong>1. Qu'est-ce qu'un cookie ?<\/strong><\/h2>\n\n\n\n<p>Les cookies sont de petits fichiers texte stock\u00e9s sur votre appareil (ordinateur, tablette ou smartphone) lorsque vous visitez un site web. Ils permettent aux sites web de fonctionner correctement, d'am\u00e9liorer l'exp\u00e9rience des utilisateurs et de fournir des informations sur la mani\u00e8re dont le site est utilis\u00e9.<\/p>\n\n\n\n<h2 class=\"wp-block-heading\" style=\"font-size:27px\"><strong>2. Comment nous utilisons les cookies<\/strong><\/h2>\n\n\n\n<p>Nous utilisons des cookies aux fins suivantes :<\/p>\n\n\n\n<h6 class=\"wp-block-heading\"><strong>a) Cookies n\u00e9cessaires<\/strong><\/h6>\n\n\n\n<ul class=\"wp-block-list\">\n<li>Essentiel pour le fonctionnement du site web et de la caisse WooCommerce.<\/li>\n\n\n\n<li>Exemples : fonctionnalit\u00e9 du panier d'achat, sessions de connexion des utilisateurs, traitement des commandes.<\/li>\n\n\n\n<li>Ces cookies ne peuvent pas \u00eatre d\u00e9sactiv\u00e9s si vous souhaitez utiliser pleinement le site web.<\/li>\n<\/ul>\n\n\n\n<h6 class=\"wp-block-heading\"><strong>b) Cookies de performance et d'analyse<\/strong><\/h6>\n\n\n\n<ul class=\"wp-block-list\">\n<li>Nous aider \u00e0 comprendre comment les visiteurs interagissent avec notre site web.<\/li>\n\n\n\n<li>Nous utilisons des outils tels que Google Analytics (ou le suivi int\u00e9gr\u00e9 de WooCommerce) pour surveiller le trafic et am\u00e9liorer nos services.<\/li>\n\n\n\n<li>Ces cookies collectent des informations anonymes telles que les pages visit\u00e9es, le temps pass\u00e9 sur le site web et le type de navigateur.<\/li>\n<\/ul>\n\n\n\n<h6 class=\"wp-block-heading\"><strong>c) Cookies fonctionnels<\/strong><\/h6>\n\n\n\n<ul class=\"wp-block-list\">\n<li>M\u00e9moriser vos pr\u00e9f\u00e9rences et vos param\u00e8tres, par exemple la s\u00e9lection de la langue ou le choix du consentement aux cookies.<\/li>\n\n\n\n<li>Am\u00e9liorer l'exp\u00e9rience de l'utilisateur, mais ne sont pas strictement n\u00e9cessaires.<\/li>\n<\/ul>\n\n\n\n<h6 class=\"wp-block-heading\"><strong>d) Cookies de marketing et de tiers<\/strong><\/h6>\n\n\n\n<ul class=\"wp-block-list\">\n<li>Peut \u00eatre utilis\u00e9 par des partenaires tiers (par exemple, des m\u00e9dias sociaux ou des plateformes publicitaires) pour afficher un contenu ou des promotions pertinents.<\/li>\n\n\n\n<li>WooCommerce peut int\u00e9grer des cookies pour le reciblage ou les promotions, en fonction des plugins install\u00e9s.<\/li>\n<\/ul>\n\n\n\n<h2 class=\"wp-block-heading\" style=\"font-size:27px\"><strong>3. Cookies sp\u00e9cifiques \u00e0 WooCommerce<\/strong><\/h2>\n\n\n\n<p>Lorsque vous utilisez notre boutique en ligne, WooCommerce installe des cookies pour :<\/p>\n\n\n\n<ul class=\"wp-block-list\">\n<li>Conserver les articles dans votre panier<\/li>\n\n\n\n<li>Maintenir votre session lors du paiement<\/li>\n\n\n\n<li>M\u00e9moriser votre login et vos pr\u00e9f\u00e9rences (si vous avez un compte)<\/li>\n<\/ul>\n\n\n\n<p>Ces cookies sont n\u00e9cessaires au bon fonctionnement de la boutique et au bon d\u00e9roulement du processus d'achat.<\/p>\n\n\n\n<h2 class=\"wp-block-heading\" style=\"font-size:27px\"><strong>4. Gestion des cookies<\/strong><\/h2>\n\n\n\n<ul class=\"wp-block-list\">\n<li>Vous pouvez contr\u00f4ler ou bloquer les cookies par le biais des param\u00e8tres de votre navigateur.<\/li>\n\n\n\n<li>La plupart des navigateurs vous permettent de supprimer les cookies, de bloquer certains types de cookies ou de recevoir un avertissement lorsqu'un cookie est install\u00e9.<\/li>\n\n\n\n<li>Le blocage de certains cookies peut affecter la fonctionnalit\u00e9 du site web, y compris le processus de paiement.<\/li>\n<\/ul>\n\n\n\n<h2 class=\"wp-block-heading\" style=\"font-size:27px\"><strong>5. Cookies de tiers<\/strong><\/h2>\n\n\n\n<ul class=\"wp-block-list\">\n<li>Certains cookies peuvent \u00eatre install\u00e9s par des services tiers, tels que des fournisseurs d'analyses, des passerelles de paiement ou des plateformes de m\u00e9dias sociaux int\u00e9gr\u00e9es au site web.<\/li>\n\n\n\n<li>Nous ne sommes pas responsables des pratiques des tiers en mati\u00e8re de cookies. Veuillez consulter leurs politiques de confidentialit\u00e9 pour plus d'informations.<\/li>\n<\/ul>\n\n\n\n<h2 class=\"wp-block-heading\" style=\"font-size:27px\"><strong>6. Votre consentement<\/strong><\/h2>\n\n\n\n<ul class=\"wp-block-list\">\n<li>En continuant \u00e0 utiliser notre site web, vous consentez \u00e0 ce que nous utilisions des cookies comme d\u00e9crit dans cette politique.<\/li>\n\n\n\n<li>Vous pouvez retirer votre consentement \u00e0 tout moment en ajustant les param\u00e8tres de votre navigateur, mais cela peut affecter votre capacit\u00e9 \u00e0 utiliser certaines fonctionnalit\u00e9s du site web.<\/li>\n<\/ul>\n\n\n\n<h2 class=\"wp-block-heading\" style=\"font-size:27px\"><strong>7. Modifications de la pr\u00e9sente politique en mati\u00e8re de cookies<\/strong><\/h2>\n\n\n\n<ul class=\"wp-block-list\">\n<li>Nous pouvons mettre \u00e0 jour la pr\u00e9sente politique en mati\u00e8re de cookies de temps \u00e0 autre afin de refl\u00e9ter les modifications apport\u00e9es \u00e0 la l\u00e9gislation, \u00e0 la technologie ou \u00e0 nos services.<\/li>\n\n\n\n<li>La derni\u00e8re version sera toujours disponible sur cette page.<\/li>\n<\/ul>\n\n\n\n<h2 class=\"wp-block-heading\" style=\"font-size:27px\"><strong>8. Contact<\/strong><\/h2>\n\n\n\n<p>Pour toute question concernant notre politique en mati\u00e8re de cookies, veuillez nous contacter : info@nanteas.com<\/p>\n\n\n\n<div class=\"wp-block-uagb-container uagb-block-1ea508b5\">\n<div class=\"wp-block-uagb-container uagb-block-92f8d11b alignfull uagb-is-root-container\"><div class=\"uagb-container-inner-blocks-wrap\"><\/div><\/div>\n<\/div>\n<\/div><\/div>","protected":false},"excerpt":{"rendered":"<p>Cookie Policy Effective Date: 07-09-2025 This Cookie Policy explains how NaN Teas (\u201cwe\u201d, \u201cour\u201d, \u201cus\u201d) uses cookies and similar tracking technologies on our website. By using our website, you consent to our use of cookies in accordance with this policy. 1. What Are Cookies? Cookies are small text files stored on your device (computer, tablet, [&hellip;]<\/p>\n","protected":false},"author":1,"featured_media":0,"parent":0,"menu_order":8,"comment_status":"closed","ping_status":"closed","template":"","meta":{"_acf_changed":false,"_seopress_robots_primary_cat":"","_seopress_titles_title":"Cookie Policy | NaN Teas","_seopress_titles_desc":"Explore Cookie Policy from NaNTeas","_seopress_robots_index":"","_uag_custom_page_level_css":"","_swt_meta_header_display":false,"_swt_meta_footer_display":false,"_swt_meta_site_title_display":false,"_swt_meta_sticky_header":false,"_swt_meta_transparent_header":false,"footnotes":""},"class_list":["post-998","page","type-page","status-publish","hentry"],"acf":[],"uagb_featured_image_src":{"full":false,"thumbnail":false,"medium":false,"medium_large":false,"large":false,"1536x1536":false,"2048x2048":false,"trp-custom-language-flag":false,"woocommerce_thumbnail":false,"woocommerce_single":false,"woocommerce_gallery_thumbnail":false},"uagb_author_info":{"display_name":"Jessie","author_link":"https:\/\/nanteas.com\/fr\/author\/jessie\/"},"uagb_comment_info":0,"uagb_excerpt":"Cookie Policy Effective Date: 07-09-2025 This Cookie Policy explains how NaN Teas (\u201cwe\u201d, \u201cour\u201d, \u201cus\u201d) uses cookies and similar tracking technologies on our website. By using our website, you consent to our use of cookies in accordance with this policy. 1. What Are Cookies? Cookies are small text files stored on your device (computer, tablet,\u2026","_links":{"self":[{"href":"https:\/\/nanteas.com\/fr\/wp-json\/wp\/v2\/pages\/998","targetHints":{"allow":["GET"]}}],"collection":[{"href":"https:\/\/nanteas.com\/fr\/wp-json\/wp\/v2\/pages"}],"about":[{"href":"https:\/\/nanteas.com\/fr\/wp-json\/wp\/v2\/types\/page"}],"author":[{"embeddable":true,"href":"https:\/\/nanteas.com\/fr\/wp-json\/wp\/v2\/users\/1"}],"replies":[{"embeddable":true,"href":"https:\/\/nanteas.com\/fr\/wp-json\/wp\/v2\/comments?post=998"}],"version-history":[{"count":0,"href":"https:\/\/nanteas.com\/fr\/wp-json\/wp\/v2\/pages\/998\/revisions"}],"wp:attachment":[{"href":"https:\/\/nanteas.com\/fr\/wp-json\/wp\/v2\/media?parent=998"}],"curies":[{"name":"wp","href":"https:\/\/api.w.org\/{rel}","templated":true}]}}