{"id":444,"date":"2025-06-25T09:58:43","date_gmt":"2025-06-25T07:58:43","guid":{"rendered":"https:\/\/nanteas.com\/?post_type=product&#038;p=444"},"modified":"2026-04-22T15:22:17","modified_gmt":"2026-04-22T13:22:17","slug":"oolong-leger","status":"publish","type":"product","link":"https:\/\/nanteas.com\/fr\/produit\/oolong-leger\/","title":{"rendered":"Oolong l\u00e9ger"},"content":{"rendered":"<p>Oolong l\u00e9ger<\/p>\n<p>Pur, floral et discr\u00e8tement vibrant, cet oolong l\u00e9g\u00e8rement oxyd\u00e9 capture l'essence des paysages de Ta\u00efwan. Des notes d'orchid\u00e9e et de poire donnent \u00e0 chaque gorg\u00e9e l'impression d'une brise venue de l'\u00eele. Rafra\u00eechissant et facile \u00e0 boire, il est fait pour \u00eatre d\u00e9gust\u00e9 \u00e0 tout moment de la journ\u00e9e et faire partie de votre rituel quotidien.<\/p>\n<p>En savoir plus sur nos diff\u00e9rents th\u00e9s <a href=\"https:\/\/nanteas.com\/fr\/notre-the\/\">ici<\/a>.<\/p>","protected":false},"excerpt":{"rendered":"<p><strong>[Pure Leaf Series]<\/strong><br \/>\nNo additives, the true essence of tea.<\/p>\n<p>Orchid | Pear | Delicate<\/p>\n<p>&nbsp;<\/p>\n","protected":false},"featured_media":808,"comment_status":"open","ping_status":"closed","template":"","meta":{"_acf_changed":false,"_seopress_robots_primary_cat":"none","_seopress_titles_title":"Shop Light Oolong Tea \u2013 Loose Leaf & Tea Bags | NaNTeas","_seopress_titles_desc":"Discover authentic Light Oolong tea from Taiwan - available in loose leaf and tea bags, with or without our signature NaNTeas tins for freshness and gifting.","_seopress_robots_index":"","_uag_custom_page_level_css":"","_swt_meta_header_display":false,"_swt_meta_footer_display":false,"_swt_meta_site_title_display":false,"_swt_meta_sticky_header":false,"_swt_meta_transparent_header":false},"product_brand":[38],"product_cat":[105,101,104,102,103,40],"product_tag":[],"class_list":{"0":"post-444","1":"product","2":"type-product","3":"status-publish","4":"has-post-thumbnail","6":"product_brand-nan-teas","7":"product_cat-box","8":"product_cat-loose-leaf-tea","9":"product_cat-refill-bag","10":"product_cat-tea-bags","11":"product_cat-tin","12":"product_cat-oolong-tea","14":"first","15":"instock","16":"featured","17":"taxable","18":"shipping-taxable","19":"purchasable","20":"product-type-variable"},"acf":[],"uagb_featured_image_src":{"full":["https:\/\/nanteas.com\/wp-content\/uploads\/2025\/07\/Pure-Leaf-serie-Group-Light-Oolong.jpg",2048,2048,false],"thumbnail":["https:\/\/nanteas.com\/wp-content\/uploads\/2025\/07\/Pure-Leaf-serie-Group-Light-Oolong-150x150.jpg",150,150,true],"medium":["https:\/\/nanteas.com\/wp-content\/uploads\/2025\/07\/Pure-Leaf-serie-Group-Light-Oolong-300x300.jpg",300,300,true],"medium_large":["https:\/\/nanteas.com\/wp-content\/uploads\/2025\/07\/Pure-Leaf-serie-Group-Light-Oolong-768x768.jpg",768,768,true],"large":["https:\/\/nanteas.com\/wp-content\/uploads\/2025\/07\/Pure-Leaf-serie-Group-Light-Oolong-1024x1024.jpg",1024,1024,true],"1536x1536":["https:\/\/nanteas.com\/wp-content\/uploads\/2025\/07\/Pure-Leaf-serie-Group-Light-Oolong-1536x1536.jpg",1536,1536,true],"2048x2048":["https:\/\/nanteas.com\/wp-content\/uploads\/2025\/07\/Pure-Leaf-serie-Group-Light-Oolong.jpg",2048,2048,false],"trp-custom-language-flag":["https:\/\/nanteas.com\/wp-content\/uploads\/2025\/07\/Pure-Leaf-serie-Group-Light-Oolong-12x12.jpg",12,12,true],"woocommerce_thumbnail":["https:\/\/nanteas.com\/wp-content\/uploads\/2025\/07\/Pure-Leaf-serie-Group-Light-Oolong-300x300.jpg",300,300,true],"woocommerce_single":["https:\/\/nanteas.com\/wp-content\/uploads\/2025\/07\/Pure-Leaf-serie-Group-Light-Oolong-600x600.jpg",600,600,true],"woocommerce_gallery_thumbnail":["https:\/\/nanteas.com\/wp-content\/uploads\/2025\/07\/Pure-Leaf-serie-Group-Light-Oolong-100x100.jpg",100,100,true]},"uagb_author_info":{"display_name":"Jessie","author_link":"https:\/\/nanteas.com\/fr\/author\/"},"uagb_comment_info":4,"uagb_excerpt":"[Pure Leaf Series] No additives, the true essence of tea. Orchid | Pear | Delicate &nbsp;","_links":{"self":[{"href":"https:\/\/nanteas.com\/fr\/wp-json\/wp\/v2\/product\/444","targetHints":{"allow":["GET"]}}],"collection":[{"href":"https:\/\/nanteas.com\/fr\/wp-json\/wp\/v2\/product"}],"about":[{"href":"https:\/\/nanteas.com\/fr\/wp-json\/wp\/v2\/types\/product"}],"replies":[{"embeddable":true,"href":"https:\/\/nanteas.com\/fr\/wp-json\/wp\/v2\/comments?post=444"}],"wp:featuredmedia":[{"embeddable":true,"href":"https:\/\/nanteas.com\/fr\/wp-json\/wp\/v2\/media\/808"}],"wp:attachment":[{"href":"https:\/\/nanteas.com\/fr\/wp-json\/wp\/v2\/media?parent=444"}],"wp:term":[{"taxonomy":"product_brand","embeddable":true,"href":"https:\/\/nanteas.com\/fr\/wp-json\/wp\/v2\/product_brand?post=444"},{"taxonomy":"product_cat","embeddable":true,"href":"https:\/\/nanteas.com\/fr\/wp-json\/wp\/v2\/product_cat?post=444"},{"taxonomy":"product_tag","embeddable":true,"href":"https:\/\/nanteas.com\/fr\/wp-json\/wp\/v2\/product_tag?post=444"}],"curies":[{"name":"wp","href":"https:\/\/api.w.org\/{rel}","templated":true}]}}