
{"id":459,"date":"2025-06-25T10:04:49","date_gmt":"2025-06-25T08:04:49","guid":{"rendered":"https:\/\/nanteas.com\/?post_type=product&#038;p=459"},"modified":"2026-03-24T20:31:46","modified_gmt":"2026-03-24T19:31:46","slug":"the-noir-au-miel","status":"publish","type":"product","link":"https:\/\/nanteas.com\/fr\/produit\/the-noir-au-miel\/","title":{"rendered":"Th\u00e9 noir au parfum de miel"},"content":{"rendered":"<p><strong>Th\u00e9 noir au parfum de miel<\/strong><\/p>\n<p>Cultiv\u00e9 sur les collines ensoleill\u00e9es de Ta\u00efwan, ce th\u00e9 est naturellement sucr\u00e9 gr\u00e2ce \u00e0 un proc\u00e9d\u00e9 unique o\u00f9 les cicadelles stimulent l'ar\u00f4me mielleux naturel de la plante. Une tasse subtile pour ceux qui souhaitent se passer de sucre sans renoncer \u00e0 la saveur. Id\u00e9al pour des d\u00e9buts de journ\u00e9e d\u00e9tendus, les moments de douceur et une simplicit\u00e9 au quotidien.<\/p>\n<p>En savoir plus sur nos diff\u00e9rents th\u00e9s <a href=\"https:\/\/nanteas.com\/fr\/notre-the\/\">ici<\/a>.<\/p>","protected":false},"excerpt":{"rendered":"<p><strong>[Pure Leaf Series]<\/strong><br \/>\nNo additives, the true essence of tea.<\/p>\n<p>Honey | Vanilla | Smooth<\/p>\n<p>&nbsp;<\/p>\n","protected":false},"featured_media":806,"comment_status":"open","ping_status":"closed","template":"","meta":{"_acf_changed":false,"_seopress_robots_primary_cat":"none","_seopress_titles_title":"Shop Honey Black Tea \u2013 Loose Leaf & Tea Bags | NaNTeas","_seopress_titles_desc":"Discover authentic Honey Black Tea tea from Taiwan - available in loose leaf and tea bags, with or without our signature NaNTeas tins for freshness and gifting.","_seopress_robots_index":"","_uag_custom_page_level_css":"","_swt_meta_header_display":false,"_swt_meta_footer_display":false,"_swt_meta_site_title_display":false,"_swt_meta_sticky_header":false,"_swt_meta_transparent_header":false},"product_brand":[],"product_cat":[41,105,101,104,102,103],"product_tag":[],"class_list":{"0":"post-459","1":"product","2":"type-product","3":"status-publish","4":"has-post-thumbnail","6":"product_cat-black-tea","7":"product_cat-box","8":"product_cat-loose-leaf-tea","9":"product_cat-refill-bag","10":"product_cat-tea-bags","11":"product_cat-tin","13":"first","14":"instock","15":"featured","16":"taxable","17":"shipping-taxable","18":"purchasable","19":"product-type-variable"},"acf":[],"uagb_featured_image_src":{"full":["https:\/\/nanteas.com\/wp-content\/uploads\/2025\/07\/Pure-Leaf-serie-Group-Honey-Black-Tea.jpg",2048,2048,false],"thumbnail":["https:\/\/nanteas.com\/wp-content\/uploads\/2025\/07\/Pure-Leaf-serie-Group-Honey-Black-Tea-150x150.jpg",150,150,true],"medium":["https:\/\/nanteas.com\/wp-content\/uploads\/2025\/07\/Pure-Leaf-serie-Group-Honey-Black-Tea-300x300.jpg",300,300,true],"medium_large":["https:\/\/nanteas.com\/wp-content\/uploads\/2025\/07\/Pure-Leaf-serie-Group-Honey-Black-Tea-768x768.jpg",768,768,true],"large":["https:\/\/nanteas.com\/wp-content\/uploads\/2025\/07\/Pure-Leaf-serie-Group-Honey-Black-Tea-1024x1024.jpg",1024,1024,true],"1536x1536":["https:\/\/nanteas.com\/wp-content\/uploads\/2025\/07\/Pure-Leaf-serie-Group-Honey-Black-Tea-1536x1536.jpg",1536,1536,true],"2048x2048":["https:\/\/nanteas.com\/wp-content\/uploads\/2025\/07\/Pure-Leaf-serie-Group-Honey-Black-Tea.jpg",2048,2048,false],"trp-custom-language-flag":["https:\/\/nanteas.com\/wp-content\/uploads\/2025\/07\/Pure-Leaf-serie-Group-Honey-Black-Tea-12x12.jpg",12,12,true],"woocommerce_thumbnail":["https:\/\/nanteas.com\/wp-content\/uploads\/2025\/07\/Pure-Leaf-serie-Group-Honey-Black-Tea-300x300.jpg",300,300,true],"woocommerce_single":["https:\/\/nanteas.com\/wp-content\/uploads\/2025\/07\/Pure-Leaf-serie-Group-Honey-Black-Tea-600x600.jpg",600,600,true],"woocommerce_gallery_thumbnail":["https:\/\/nanteas.com\/wp-content\/uploads\/2025\/07\/Pure-Leaf-serie-Group-Honey-Black-Tea-100x100.jpg",100,100,true]},"uagb_author_info":{"display_name":"Jessie","author_link":"https:\/\/nanteas.com\/fr\/author\/"},"uagb_comment_info":1,"uagb_excerpt":"[Pure Leaf Series] No additives, the true essence of tea. Honey | Vanilla | Smooth &nbsp;","_links":{"self":[{"href":"https:\/\/nanteas.com\/fr\/wp-json\/wp\/v2\/product\/459","targetHints":{"allow":["GET"]}}],"collection":[{"href":"https:\/\/nanteas.com\/fr\/wp-json\/wp\/v2\/product"}],"about":[{"href":"https:\/\/nanteas.com\/fr\/wp-json\/wp\/v2\/types\/product"}],"replies":[{"embeddable":true,"href":"https:\/\/nanteas.com\/fr\/wp-json\/wp\/v2\/comments?post=459"}],"wp:featuredmedia":[{"embeddable":true,"href":"https:\/\/nanteas.com\/fr\/wp-json\/wp\/v2\/media\/806"}],"wp:attachment":[{"href":"https:\/\/nanteas.com\/fr\/wp-json\/wp\/v2\/media?parent=459"}],"wp:term":[{"taxonomy":"product_brand","embeddable":true,"href":"https:\/\/nanteas.com\/fr\/wp-json\/wp\/v2\/product_brand?post=459"},{"taxonomy":"product_cat","embeddable":true,"href":"https:\/\/nanteas.com\/fr\/wp-json\/wp\/v2\/product_cat?post=459"},{"taxonomy":"product_tag","embeddable":true,"href":"https:\/\/nanteas.com\/fr\/wp-json\/wp\/v2\/product_tag?post=459"}],"curies":[{"name":"wp","href":"https:\/\/api.w.org\/{rel}","templated":true}]}}